{"id":27635,"date":"2025-06-15T08:49:49","date_gmt":"2025-06-15T08:49:49","guid":{"rendered":"https:\/\/portopottery.com\/product\/areia-pastateller\/"},"modified":"2025-08-31T14:00:34","modified_gmt":"2025-08-31T14:00:34","slug":"areia-pastateller","status":"publish","type":"product","link":"https:\/\/portopottery.com\/en\/product\/areia-pastateller\/","title":{"rendered":"Areia Pastateller"},"content":{"rendered":"<p>Der <strong>Areia Pastateller<\/strong> bringt die ruhige Sch\u00f6nheit sandiger K\u00fcstenlandschaften auf den Tisch. Mit einem Durchmesser von ca. <strong>22 cm<\/strong> eignet er sich ideal f\u00fcr Suppen, Pasta oder Bowls.<\/p>\n<p>Seine matte Glasur in nat\u00fcrlichen Sandt\u00f6nen und die sanft geschwungene Form machen diesen Teller zu einem stilvollen Allrounder \u2013 zur\u00fcckhaltend im Design, aber stark in der Ausstrahlung.<\/p>\n<p><em>Jeder Teller ist ein handgefertigtes Einzelst\u00fcck<\/em> \u2013 leichte Abweichungen in Farbe, Form und Oberfl\u00e4che geben dem <strong>Areia Pastateller<\/strong> seine individuelle Note und erz\u00e4hlen von echter Handarbeit.<\/p>\n<p>F\u00fcr alle, die Nat\u00fcrlichkeit und Funktion in harmonischem Design vereint wissen m\u00f6chten.<\/p>","protected":false},"excerpt":{"rendered":"<p>Sandfarbener Pastateller mit weicher Form \u2013 inspiriert von der Natur, handgefertigt und vielseitig.<\/p>","protected":false},"featured_media":27706,"comment_status":"open","ping_status":"closed","template":"","meta":[],"product_brand":[],"product_cat":[39,30],"product_tag":[],"class_list":{"0":"post-27635","1":"product","2":"type-product","3":"status-publish","4":"has-post-thumbnail","6":"product_cat-bowls","7":"product_cat-plates","9":"first","10":"outofstock","11":"shipping-taxable","12":"purchasable","13":"product-type-simple"},"jetpack_sharing_enabled":true,"_links":{"self":[{"href":"https:\/\/portopottery.com\/en\/wp-json\/wp\/v2\/product\/27635","targetHints":{"allow":["GET"]}}],"collection":[{"href":"https:\/\/portopottery.com\/en\/wp-json\/wp\/v2\/product"}],"about":[{"href":"https:\/\/portopottery.com\/en\/wp-json\/wp\/v2\/types\/product"}],"replies":[{"embeddable":true,"href":"https:\/\/portopottery.com\/en\/wp-json\/wp\/v2\/comments?post=27635"}],"version-history":[{"count":0,"href":"https:\/\/portopottery.com\/en\/wp-json\/wp\/v2\/product\/27635\/revisions"}],"wp:featuredmedia":[{"embeddable":true,"href":"https:\/\/portopottery.com\/en\/wp-json\/wp\/v2\/media\/27706"}],"wp:attachment":[{"href":"https:\/\/portopottery.com\/en\/wp-json\/wp\/v2\/media?parent=27635"}],"wp:term":[{"taxonomy":"product_brand","embeddable":true,"href":"https:\/\/portopottery.com\/en\/wp-json\/wp\/v2\/product_brand?post=27635"},{"taxonomy":"product_cat","embeddable":true,"href":"https:\/\/portopottery.com\/en\/wp-json\/wp\/v2\/product_cat?post=27635"},{"taxonomy":"product_tag","embeddable":true,"href":"https:\/\/portopottery.com\/en\/wp-json\/wp\/v2\/product_tag?post=27635"}],"curies":[{"name":"wp","href":"https:\/\/api.w.org\/{rel}","templated":true}]}}