{"id":27636,"date":"2025-06-15T08:49:49","date_gmt":"2025-06-15T08:49:49","guid":{"rendered":"https:\/\/portopottery.com\/product\/areia-teller-klein\/"},"modified":"2025-12-20T13:16:44","modified_gmt":"2025-12-20T13:16:44","slug":"areia-teller-klein","status":"publish","type":"product","link":"https:\/\/portopottery.com\/en\/product\/areia-teller-klein\/","title":{"rendered":"Areia Teller Klein"},"content":{"rendered":"<p>Der <strong>Areia Teller Klein<\/strong> ist ein stilvoller Begleiter f\u00fcr Fr\u00fchst\u00fcck, Vorspeisen oder Desserts. Mit einem Durchmesser von ca. <strong>22 cm<\/strong> ist er die ideale Erg\u00e4nzung zur Areia-Kollektion.<\/p>\n<p>Seine nat\u00fcrliche, sandige Farbgebung erinnert an die portugiesischen K\u00fcsten und vermittelt Ruhe und Erdverbundenheit. Sein zur\u00fcckhaltendes Design l\u00e4sst sich hervorragend mit anderen Areia-St\u00fccken kombinieren und schafft ein harmonisches Gesamtbild auf dem Tisch.<\/p>\n<p><em>Jeder Teller ist ein handgefertigtes Einzelst\u00fcck<\/em> \u2013 dezente Abweichungen in Glasur, Form und Farbverlauf erz\u00e4hlen die Geschichte echter Handwerkskunst.<\/p>\n<p>F\u00fcr Liebhaber nat\u00fcrlicher \u00c4sthetik und hochwertiger Keramik.<\/p>","protected":false},"excerpt":{"rendered":"<p>Kleiner Teller in sandfarbenem Design \u2013 inspiriert von portugiesischen Str\u00e4nden, handgefertigt und harmonisch.<\/p>","protected":false},"featured_media":27662,"comment_status":"open","ping_status":"closed","template":"","meta":[],"product_brand":[],"product_cat":[30],"product_tag":[],"class_list":{"0":"post-27636","1":"product","2":"type-product","3":"status-publish","4":"has-post-thumbnail","6":"product_cat-plates","8":"first","9":"outofstock","10":"shipping-taxable","11":"purchasable","12":"product-type-simple"},"jetpack_sharing_enabled":true,"_links":{"self":[{"href":"https:\/\/portopottery.com\/en\/wp-json\/wp\/v2\/product\/27636","targetHints":{"allow":["GET"]}}],"collection":[{"href":"https:\/\/portopottery.com\/en\/wp-json\/wp\/v2\/product"}],"about":[{"href":"https:\/\/portopottery.com\/en\/wp-json\/wp\/v2\/types\/product"}],"replies":[{"embeddable":true,"href":"https:\/\/portopottery.com\/en\/wp-json\/wp\/v2\/comments?post=27636"}],"version-history":[{"count":0,"href":"https:\/\/portopottery.com\/en\/wp-json\/wp\/v2\/product\/27636\/revisions"}],"wp:featuredmedia":[{"embeddable":true,"href":"https:\/\/portopottery.com\/en\/wp-json\/wp\/v2\/media\/27662"}],"wp:attachment":[{"href":"https:\/\/portopottery.com\/en\/wp-json\/wp\/v2\/media?parent=27636"}],"wp:term":[{"taxonomy":"product_brand","embeddable":true,"href":"https:\/\/portopottery.com\/en\/wp-json\/wp\/v2\/product_brand?post=27636"},{"taxonomy":"product_cat","embeddable":true,"href":"https:\/\/portopottery.com\/en\/wp-json\/wp\/v2\/product_cat?post=27636"},{"taxonomy":"product_tag","embeddable":true,"href":"https:\/\/portopottery.com\/en\/wp-json\/wp\/v2\/product_tag?post=27636"}],"curies":[{"name":"wp","href":"https:\/\/api.w.org\/{rel}","templated":true}]}}