{"id":27644,"date":"2025-06-15T08:49:49","date_gmt":"2025-06-15T08:49:49","guid":{"rendered":"https:\/\/portopottery.com\/product\/fado-teller\/"},"modified":"2025-11-02T01:04:05","modified_gmt":"2025-11-02T01:04:05","slug":"fado-teller","status":"publish","type":"product","link":"https:\/\/portopottery.com\/en\/product\/fado-teller\/","title":{"rendered":"Fado Teller"},"content":{"rendered":"<p>Der <strong>Fado Teller<\/strong> ist inspiriert von der portugiesischen Musiktradition des Fado \u2013 ausdrucksstark, emotional und voller Tiefe. Mit einem Durchmesser von ca. <strong>26 cm<\/strong> eignet er sich perfekt f\u00fcr Hauptgerichte mit Stil und Gef\u00fchl.<\/p>\n<p>Seine unregelm\u00e4\u00dfige Form, feinen Strukturen und individuellen Details machen jedes St\u00fcck besonders. Wie ein Fado-Lied tr\u00e4gt auch dieser Teller Spuren des Lebens \u2013 melancholisch sch\u00f6n, authentisch und ber\u00fchrend.<\/p>\n<p><em>Jeder Teller ist ein handgefertigtes Einzelst\u00fcck<\/em> \u2013 mit einzigartiger Glasur, leicht variierender Silhouette und handwerklichem Charakter.<\/p>\n<p>F\u00fcr Genie\u00dfer mit Sinn f\u00fcr Poesie, Kunst und portugiesische Seele.<\/p>","protected":false},"excerpt":{"rendered":"<p>Teller mit Charakter \u2013 wie der Fado erz\u00e4hlt jedes St\u00fcck seine eigene Geschichte, handgefertigt und einzigartig.<\/p>","protected":false},"featured_media":27675,"comment_status":"open","ping_status":"closed","template":"","meta":[],"product_brand":[],"product_cat":[30],"product_tag":[],"class_list":{"0":"post-27644","1":"product","2":"type-product","3":"status-publish","4":"has-post-thumbnail","6":"product_cat-plates","8":"first","9":"instock","10":"shipping-taxable","11":"purchasable","12":"product-type-simple"},"jetpack_sharing_enabled":true,"_links":{"self":[{"href":"https:\/\/portopottery.com\/en\/wp-json\/wp\/v2\/product\/27644","targetHints":{"allow":["GET"]}}],"collection":[{"href":"https:\/\/portopottery.com\/en\/wp-json\/wp\/v2\/product"}],"about":[{"href":"https:\/\/portopottery.com\/en\/wp-json\/wp\/v2\/types\/product"}],"replies":[{"embeddable":true,"href":"https:\/\/portopottery.com\/en\/wp-json\/wp\/v2\/comments?post=27644"}],"version-history":[{"count":0,"href":"https:\/\/portopottery.com\/en\/wp-json\/wp\/v2\/product\/27644\/revisions"}],"wp:featuredmedia":[{"embeddable":true,"href":"https:\/\/portopottery.com\/en\/wp-json\/wp\/v2\/media\/27675"}],"wp:attachment":[{"href":"https:\/\/portopottery.com\/en\/wp-json\/wp\/v2\/media?parent=27644"}],"wp:term":[{"taxonomy":"product_brand","embeddable":true,"href":"https:\/\/portopottery.com\/en\/wp-json\/wp\/v2\/product_brand?post=27644"},{"taxonomy":"product_cat","embeddable":true,"href":"https:\/\/portopottery.com\/en\/wp-json\/wp\/v2\/product_cat?post=27644"},{"taxonomy":"product_tag","embeddable":true,"href":"https:\/\/portopottery.com\/en\/wp-json\/wp\/v2\/product_tag?post=27644"}],"curies":[{"name":"wp","href":"https:\/\/api.w.org\/{rel}","templated":true}]}}