{"id":27844,"date":"2025-10-21T19:09:23","date_gmt":"2025-10-21T19:09:23","guid":{"rendered":"https:\/\/portopottery.com\/?post_type=product&#038;p=27844"},"modified":"2025-12-06T11:48:46","modified_gmt":"2025-12-06T11:48:46","slug":"areia-mueslischale","status":"publish","type":"product","link":"https:\/\/portopottery.com\/en\/product\/areia-mueslischale\/","title":{"rendered":"Areia M\u00fcslischale"},"content":{"rendered":"<p>Die <strong>Areia M\u00fcslischale<\/strong> geh\u00f6rt zur beliebten Sand-Kollektion und bringt mit ihren warmen, nat\u00fcrlichen Farbt\u00f6nen ein St\u00fcck portugiesische K\u00fcste auf den Fr\u00fchst\u00fcckstisch. Ideal f\u00fcr M\u00fcsli, Joghurt, Bowls oder Snacks.<\/p>\n<p>Ihre weiche, leicht organische Form liegt angenehm in der Hand. Die Glasur erinnert an Sandstr\u00e4nde im Sonnenlicht \u2013 mal heller, mal etwas dunkler \u2013 immer harmonisch und beruhigend.<\/p>\n<p><em>Jede Schale ist ein handgefertigtes Einzelst\u00fcck<\/em> \u2013 mit feinen Unregelm\u00e4\u00dfigkeiten und Farbverl\u00e4ufen, die jede <strong>Areia M\u00fcslischale<\/strong> einzigartig machen. Diese Variationen sind gewollt und Teil ihres nat\u00fcrlichen Charmes.<\/p>","protected":false},"excerpt":{"rendered":"<p>Nat\u00fcrliche M\u00fcslischale in sandigen T\u00f6nen \u2013 handgefertigt, harmonisch und einzigartig.<\/p>","protected":false},"featured_media":27845,"comment_status":"open","ping_status":"closed","template":"","meta":[],"product_brand":[],"product_cat":[81,39],"product_tag":[],"class_list":{"0":"post-27844","1":"product","2":"type-product","3":"status-publish","4":"has-post-thumbnail","6":"product_cat-alle-produkte","7":"product_cat-bowls","9":"first","10":"outofstock","11":"shipping-taxable","12":"purchasable","13":"product-type-simple"},"jetpack_sharing_enabled":true,"_links":{"self":[{"href":"https:\/\/portopottery.com\/en\/wp-json\/wp\/v2\/product\/27844","targetHints":{"allow":["GET"]}}],"collection":[{"href":"https:\/\/portopottery.com\/en\/wp-json\/wp\/v2\/product"}],"about":[{"href":"https:\/\/portopottery.com\/en\/wp-json\/wp\/v2\/types\/product"}],"replies":[{"embeddable":true,"href":"https:\/\/portopottery.com\/en\/wp-json\/wp\/v2\/comments?post=27844"}],"version-history":[{"count":1,"href":"https:\/\/portopottery.com\/en\/wp-json\/wp\/v2\/product\/27844\/revisions"}],"predecessor-version":[{"id":27846,"href":"https:\/\/portopottery.com\/en\/wp-json\/wp\/v2\/product\/27844\/revisions\/27846"}],"wp:featuredmedia":[{"embeddable":true,"href":"https:\/\/portopottery.com\/en\/wp-json\/wp\/v2\/media\/27845"}],"wp:attachment":[{"href":"https:\/\/portopottery.com\/en\/wp-json\/wp\/v2\/media?parent=27844"}],"wp:term":[{"taxonomy":"product_brand","embeddable":true,"href":"https:\/\/portopottery.com\/en\/wp-json\/wp\/v2\/product_brand?post=27844"},{"taxonomy":"product_cat","embeddable":true,"href":"https:\/\/portopottery.com\/en\/wp-json\/wp\/v2\/product_cat?post=27844"},{"taxonomy":"product_tag","embeddable":true,"href":"https:\/\/portopottery.com\/en\/wp-json\/wp\/v2\/product_tag?post=27844"}],"curies":[{"name":"wp","href":"https:\/\/api.w.org\/{rel}","templated":true}]}}