{"id":27880,"date":"2025-10-28T19:00:31","date_gmt":"2025-10-28T19:00:31","guid":{"rendered":"https:\/\/portopottery.com\/?post_type=product&#038;p=27880"},"modified":"2026-02-26T22:34:04","modified_gmt":"2026-02-26T22:34:04","slug":"azul-mueslischale","status":"publish","type":"product","link":"https:\/\/portopottery.com\/en\/product\/azul-mueslischale\/","title":{"rendered":"Azul M\u00fcslischale"},"content":{"rendered":"<p>Die <strong>Azul M\u00fcslischale<\/strong> bringt mit ihrer tiefen, blauen Glasur maritimes Flair und zeitlose Eleganz auf den Fr\u00fchst\u00fcckstisch. Ob f\u00fcr M\u00fcsli, Joghurt, Suppen oder Snacks \u2013 sie ist vielseitig einsetzbar und ein optisches Highlight.<\/p>\n<p>Der sanfte Glanz der Glasur erinnert an das ruhige Wasser eines klaren Morgens. Die Form liegt angenehm in der Hand und kombiniert Funktionalit\u00e4t mit schlichter Sch\u00f6nheit.<\/p>\n<p><em>Jede Schale ist ein handgefertigtes Unikat<\/em> \u2013 leichte Variationen in Farbe und Struktur machen jede <strong>Azul M\u00fcslischale<\/strong> zu einem besonderen St\u00fcck. Kleine Unregelm\u00e4\u00dfigkeiten sind gewollt und Teil des Designs.<\/p>\n<p>F\u00fcr alle, die mit Stil und Gelassenheit in den Tag starten m\u00f6chten.<\/p>","protected":false},"excerpt":{"rendered":"<p>Handgefertigte M\u00fcslischale in Blaut\u00f6nen \u2013 ruhig, modern und vielseitig.<\/p>","protected":false},"featured_media":27882,"comment_status":"open","ping_status":"closed","template":"","meta":[],"product_brand":[],"product_cat":[81,39],"product_tag":[],"class_list":{"0":"post-27880","1":"product","2":"type-product","3":"status-publish","4":"has-post-thumbnail","6":"product_cat-alle-produkte","7":"product_cat-bowls","9":"first","10":"instock","11":"shipping-taxable","12":"purchasable","13":"product-type-simple"},"jetpack_sharing_enabled":true,"_links":{"self":[{"href":"https:\/\/portopottery.com\/en\/wp-json\/wp\/v2\/product\/27880","targetHints":{"allow":["GET"]}}],"collection":[{"href":"https:\/\/portopottery.com\/en\/wp-json\/wp\/v2\/product"}],"about":[{"href":"https:\/\/portopottery.com\/en\/wp-json\/wp\/v2\/types\/product"}],"replies":[{"embeddable":true,"href":"https:\/\/portopottery.com\/en\/wp-json\/wp\/v2\/comments?post=27880"}],"version-history":[{"count":2,"href":"https:\/\/portopottery.com\/en\/wp-json\/wp\/v2\/product\/27880\/revisions"}],"predecessor-version":[{"id":28043,"href":"https:\/\/portopottery.com\/en\/wp-json\/wp\/v2\/product\/27880\/revisions\/28043"}],"wp:featuredmedia":[{"embeddable":true,"href":"https:\/\/portopottery.com\/en\/wp-json\/wp\/v2\/media\/27882"}],"wp:attachment":[{"href":"https:\/\/portopottery.com\/en\/wp-json\/wp\/v2\/media?parent=27880"}],"wp:term":[{"taxonomy":"product_brand","embeddable":true,"href":"https:\/\/portopottery.com\/en\/wp-json\/wp\/v2\/product_brand?post=27880"},{"taxonomy":"product_cat","embeddable":true,"href":"https:\/\/portopottery.com\/en\/wp-json\/wp\/v2\/product_cat?post=27880"},{"taxonomy":"product_tag","embeddable":true,"href":"https:\/\/portopottery.com\/en\/wp-json\/wp\/v2\/product_tag?post=27880"}],"curies":[{"name":"wp","href":"https:\/\/api.w.org\/{rel}","templated":true}]}}