{"id":27913,"date":"2025-11-25T10:46:38","date_gmt":"2025-11-25T10:46:38","guid":{"rendered":"https:\/\/portopottery.com\/?post_type=product&#038;p=27913"},"modified":"2026-02-26T22:33:31","modified_gmt":"2026-02-26T22:33:31","slug":"roseira-mueslischale","status":"publish","type":"product","link":"https:\/\/portopottery.com\/en\/product\/roseira-mueslischale\/","title":{"rendered":"Roseira M\u00fcslischale"},"content":{"rendered":"<p>Die <strong>Rosa M\u00fcslischale<\/strong> bringt mit ihrem sanften Rosaton Leichtigkeit und Freude auf den Fr\u00fchst\u00fcckstisch. Ob M\u00fcsli, Joghurt, Obst oder kleine Snacks \u2013 sie ist vielseitig einsetzbar und ein stilvoller Begleiter f\u00fcr den Alltag.<\/p>\n<p>Die Glasur erinnert an die Bl\u00fcten des portugiesischen Fr\u00fchlings \u2013 lebendig und dennoch dezent. Ihre angenehme Form liegt gut in der Hand und l\u00e4sst sich wunderbar mit anderen St\u00fccken der Kollektion kombinieren.<\/p>\n<p><em>Jede Schale ist ein handgefertigtes Einzelst\u00fcck<\/em> \u2013 kleine Unterschiede in Farbe und Form unterstreichen die handwerkliche Qualit\u00e4t und machen jede <strong>Rosa M\u00fcslischale<\/strong> einzigartig.<\/p>\n<p>F\u00fcr alle, die den Tag mit einem Hauch von Farbe und guter Laune beginnen m\u00f6chten.<\/p>","protected":false},"excerpt":{"rendered":"<p>Die Rosa M\u00fcslischale bringt mit ihrem sanften Rosaton Leichtigkeit und Freude auf den Fr\u00fchst\u00fcckstisch. Ob M\u00fcsli, Joghurt, Obst oder kleine<\/p>","protected":false},"featured_media":27915,"comment_status":"open","ping_status":"closed","template":"","meta":[],"product_brand":[],"product_cat":[81,39],"product_tag":[],"class_list":{"0":"post-27913","1":"product","2":"type-product","3":"status-publish","4":"has-post-thumbnail","6":"product_cat-alle-produkte","7":"product_cat-bowls","9":"first","10":"instock","11":"shipping-taxable","12":"purchasable","13":"product-type-simple"},"jetpack_sharing_enabled":true,"_links":{"self":[{"href":"https:\/\/portopottery.com\/en\/wp-json\/wp\/v2\/product\/27913","targetHints":{"allow":["GET"]}}],"collection":[{"href":"https:\/\/portopottery.com\/en\/wp-json\/wp\/v2\/product"}],"about":[{"href":"https:\/\/portopottery.com\/en\/wp-json\/wp\/v2\/types\/product"}],"replies":[{"embeddable":true,"href":"https:\/\/portopottery.com\/en\/wp-json\/wp\/v2\/comments?post=27913"}],"version-history":[{"count":2,"href":"https:\/\/portopottery.com\/en\/wp-json\/wp\/v2\/product\/27913\/revisions"}],"predecessor-version":[{"id":27917,"href":"https:\/\/portopottery.com\/en\/wp-json\/wp\/v2\/product\/27913\/revisions\/27917"}],"wp:featuredmedia":[{"embeddable":true,"href":"https:\/\/portopottery.com\/en\/wp-json\/wp\/v2\/media\/27915"}],"wp:attachment":[{"href":"https:\/\/portopottery.com\/en\/wp-json\/wp\/v2\/media?parent=27913"}],"wp:term":[{"taxonomy":"product_brand","embeddable":true,"href":"https:\/\/portopottery.com\/en\/wp-json\/wp\/v2\/product_brand?post=27913"},{"taxonomy":"product_cat","embeddable":true,"href":"https:\/\/portopottery.com\/en\/wp-json\/wp\/v2\/product_cat?post=27913"},{"taxonomy":"product_tag","embeddable":true,"href":"https:\/\/portopottery.com\/en\/wp-json\/wp\/v2\/product_tag?post=27913"}],"curies":[{"name":"wp","href":"https:\/\/api.w.org\/{rel}","templated":true}]}}