{"id":27918,"date":"2025-11-25T11:25:51","date_gmt":"2025-11-25T11:25:51","guid":{"rendered":"https:\/\/portopottery.com\/?post_type=product&#038;p=27918"},"modified":"2025-12-01T21:55:04","modified_gmt":"2025-12-01T21:55:04","slug":"amora-mueslischale","status":"publish","type":"product","link":"https:\/\/portopottery.com\/en\/product\/amora-mueslischale\/","title":{"rendered":"Amora M\u00fcslischale"},"content":{"rendered":"<p>Die <strong>Amora M\u00fcslischale<\/strong> bringt mit ihrer satten Beerenfarbe W\u00e4rme und Charakter auf den Tisch. Der elegante Farbverlauf \u2013 von einem kr\u00e4ftigen Rotton zu einem weicheren, grauen Boden \u2013 verleiht dieser Schale Tiefe und Ausdruck.<\/p>\n<p>Mit einem Durchmesser von ca. <strong>15 cm<\/strong> und einer Tiefe von ca. <strong>7 cm<\/strong> ist sie ideal f\u00fcr M\u00fcsli, Joghurt, Suppen oder Bowls. Die Form liegt angenehm in der Hand und macht die Amora-Schale zu einem Lieblingsst\u00fcck im Alltag.<\/p>\n<p><em>Jede Schale ist handgefertigt<\/em> und somit ein Unikat. Kleine Variationen in Farbe, Glasur und Form machen jede Amora M\u00fcslischale einzigartig und besonders \u2013 wie echte Handwerkskunst sein soll.<\/p>\n<p>F\u00fcr alle, die kr\u00e4ftige T\u00f6ne und sinnliches Design lieben.<\/p>","protected":false},"excerpt":{"rendered":"<p>Die Amora M\u00fcslischale bringt mit ihrer satten Beerenfarbe W\u00e4rme und Charakter auf den Tisch. Der elegante Farbverlauf \u2013 von einem<\/p>","protected":false},"featured_media":27919,"comment_status":"open","ping_status":"closed","template":"","meta":[],"product_brand":[],"product_cat":[81,39],"product_tag":[],"class_list":{"0":"post-27918","1":"product","2":"type-product","3":"status-publish","4":"has-post-thumbnail","6":"product_cat-alle-produkte","7":"product_cat-bowls","9":"first","10":"outofstock","11":"shipping-taxable","12":"purchasable","13":"product-type-simple"},"jetpack_sharing_enabled":true,"_links":{"self":[{"href":"https:\/\/portopottery.com\/en\/wp-json\/wp\/v2\/product\/27918","targetHints":{"allow":["GET"]}}],"collection":[{"href":"https:\/\/portopottery.com\/en\/wp-json\/wp\/v2\/product"}],"about":[{"href":"https:\/\/portopottery.com\/en\/wp-json\/wp\/v2\/types\/product"}],"replies":[{"embeddable":true,"href":"https:\/\/portopottery.com\/en\/wp-json\/wp\/v2\/comments?post=27918"}],"version-history":[{"count":1,"href":"https:\/\/portopottery.com\/en\/wp-json\/wp\/v2\/product\/27918\/revisions"}],"predecessor-version":[{"id":27921,"href":"https:\/\/portopottery.com\/en\/wp-json\/wp\/v2\/product\/27918\/revisions\/27921"}],"wp:featuredmedia":[{"embeddable":true,"href":"https:\/\/portopottery.com\/en\/wp-json\/wp\/v2\/media\/27919"}],"wp:attachment":[{"href":"https:\/\/portopottery.com\/en\/wp-json\/wp\/v2\/media?parent=27918"}],"wp:term":[{"taxonomy":"product_brand","embeddable":true,"href":"https:\/\/portopottery.com\/en\/wp-json\/wp\/v2\/product_brand?post=27918"},{"taxonomy":"product_cat","embeddable":true,"href":"https:\/\/portopottery.com\/en\/wp-json\/wp\/v2\/product_cat?post=27918"},{"taxonomy":"product_tag","embeddable":true,"href":"https:\/\/portopottery.com\/en\/wp-json\/wp\/v2\/product_tag?post=27918"}],"curies":[{"name":"wp","href":"https:\/\/api.w.org\/{rel}","templated":true}]}}