{"id":28039,"date":"2025-12-11T23:12:51","date_gmt":"2025-12-11T23:12:51","guid":{"rendered":"https:\/\/portopottery.com\/?post_type=product&#038;p=28039"},"modified":"2026-02-26T22:33:08","modified_gmt":"2026-02-26T22:33:08","slug":"colorida-krug","status":"publish","type":"product","link":"https:\/\/portopottery.com\/en\/product\/colorida-krug\/","title":{"rendered":"Colorida Krug"},"content":{"rendered":"<p>Der <strong>Colorida Krug<\/strong> ist ein farbenfrohes und ausdrucksstarkes St\u00fcck Keramikkunst. Die zarte, gesprenkelte Glasur vereint sanfte Blau-, Beige- und Naturt\u00f6ne zu einem lebendigen, doch ruhigen Gesamtbild.<\/p>\n<p>Mit einer H\u00f6he von ca. <strong>20 cm<\/strong> eignet sich der Krug hervorragend zum Servieren von Wasser, S\u00e4ften oder auch als dekoratives Gef\u00e4\u00df f\u00fcr Blumen. Die weiche, organische Form liegt angenehm in der Hand und wird durch den gro\u00dfz\u00fcgigen Henkel erg\u00e4nzt.<\/p>\n<p><em>Jedes St\u00fcck ist handgefertigt<\/em> und somit ein Unikat \u2013 kleine Unterschiede in Form und Farbe machen den besonderen Charme dieses Kruges aus.<\/p>\n<p>F\u00fcr alle, die auf dem Tisch einen stilvollen Akzent setzen m\u00f6chten.<\/p>","protected":false},"excerpt":{"rendered":"<p>Farbenfroher Keramikkrug \u2013 handgefertigt und einzigartig. Perfekt zum Servieren.<\/p>","protected":false},"featured_media":28041,"comment_status":"open","ping_status":"closed","template":"","meta":[],"product_brand":[],"product_cat":[81,80],"product_tag":[],"class_list":{"0":"post-28039","1":"product","2":"type-product","3":"status-publish","4":"has-post-thumbnail","6":"product_cat-alle-produkte","7":"product_cat-special-offers","9":"first","10":"outofstock","11":"shipping-taxable","12":"purchasable","13":"product-type-simple"},"jetpack_sharing_enabled":true,"_links":{"self":[{"href":"https:\/\/portopottery.com\/en\/wp-json\/wp\/v2\/product\/28039","targetHints":{"allow":["GET"]}}],"collection":[{"href":"https:\/\/portopottery.com\/en\/wp-json\/wp\/v2\/product"}],"about":[{"href":"https:\/\/portopottery.com\/en\/wp-json\/wp\/v2\/types\/product"}],"replies":[{"embeddable":true,"href":"https:\/\/portopottery.com\/en\/wp-json\/wp\/v2\/comments?post=28039"}],"version-history":[{"count":1,"href":"https:\/\/portopottery.com\/en\/wp-json\/wp\/v2\/product\/28039\/revisions"}],"predecessor-version":[{"id":28040,"href":"https:\/\/portopottery.com\/en\/wp-json\/wp\/v2\/product\/28039\/revisions\/28040"}],"wp:featuredmedia":[{"embeddable":true,"href":"https:\/\/portopottery.com\/en\/wp-json\/wp\/v2\/media\/28041"}],"wp:attachment":[{"href":"https:\/\/portopottery.com\/en\/wp-json\/wp\/v2\/media?parent=28039"}],"wp:term":[{"taxonomy":"product_brand","embeddable":true,"href":"https:\/\/portopottery.com\/en\/wp-json\/wp\/v2\/product_brand?post=28039"},{"taxonomy":"product_cat","embeddable":true,"href":"https:\/\/portopottery.com\/en\/wp-json\/wp\/v2\/product_cat?post=28039"},{"taxonomy":"product_tag","embeddable":true,"href":"https:\/\/portopottery.com\/en\/wp-json\/wp\/v2\/product_tag?post=28039"}],"curies":[{"name":"wp","href":"https:\/\/api.w.org\/{rel}","templated":true}]}}