{"id":28051,"date":"2025-12-12T11:10:26","date_gmt":"2025-12-12T11:10:26","guid":{"rendered":"https:\/\/portopottery.com\/?post_type=product&#038;p=28051"},"modified":"2026-03-07T13:04:36","modified_gmt":"2026-03-07T13:04:36","slug":"28051","status":"publish","type":"product","link":"https:\/\/portopottery.com\/en\/product\/28051\/","title":{"rendered":""},"content":{"rendered":"<p>Die <strong>Creme Tasse<\/strong> bringt mit ihrer weichen, cremigen Farbgebung Ruhe und W\u00e4rme auf den Tisch. Ihr schlichtes Design macht sie zu einem vielseitigen Begleiter f\u00fcr Kaffee, Tee oder hei\u00dfe Schokolade.<\/p>\n<p>Mit einer Gr\u00f6\u00dfe von ca. <strong>9 cm H\u00f6he<\/strong> und <strong>9 cm Durchmesser<\/strong> liegt sie angenehm in der Hand und bietet genug Platz f\u00fcr deine Lieblingsgetr\u00e4nke.<\/p>\n<p><em>Handgefertigt in Portugal<\/em> \u2013 jede Tasse hat kleine Unterschiede in Form oder Glasur, die sie einzigartig machen.<\/p>","protected":false},"excerpt":{"rendered":"<p>Minimalistische Tasse in sanftem Cremeton. 9\u202fcm hoch, 9\u202fcm breit \u2013 ideal f\u00fcr deinen Kaffee am Morgen.<\/p>","protected":false},"featured_media":28049,"comment_status":"open","ping_status":"closed","template":"","meta":[],"product_brand":[],"product_cat":[81,29],"product_tag":[],"class_list":{"0":"post-28051","1":"product","2":"type-product","3":"status-publish","4":"has-post-thumbnail","6":"product_cat-alle-produkte","7":"product_cat-cup-mugs","9":"first","10":"outofstock","11":"shipping-taxable","12":"purchasable","13":"product-type-simple"},"jetpack_sharing_enabled":true,"_links":{"self":[{"href":"https:\/\/portopottery.com\/en\/wp-json\/wp\/v2\/product\/28051","targetHints":{"allow":["GET"]}}],"collection":[{"href":"https:\/\/portopottery.com\/en\/wp-json\/wp\/v2\/product"}],"about":[{"href":"https:\/\/portopottery.com\/en\/wp-json\/wp\/v2\/types\/product"}],"replies":[{"embeddable":true,"href":"https:\/\/portopottery.com\/en\/wp-json\/wp\/v2\/comments?post=28051"}],"version-history":[{"count":1,"href":"https:\/\/portopottery.com\/en\/wp-json\/wp\/v2\/product\/28051\/revisions"}],"predecessor-version":[{"id":28052,"href":"https:\/\/portopottery.com\/en\/wp-json\/wp\/v2\/product\/28051\/revisions\/28052"}],"wp:featuredmedia":[{"embeddable":true,"href":"https:\/\/portopottery.com\/en\/wp-json\/wp\/v2\/media\/28049"}],"wp:attachment":[{"href":"https:\/\/portopottery.com\/en\/wp-json\/wp\/v2\/media?parent=28051"}],"wp:term":[{"taxonomy":"product_brand","embeddable":true,"href":"https:\/\/portopottery.com\/en\/wp-json\/wp\/v2\/product_brand?post=28051"},{"taxonomy":"product_cat","embeddable":true,"href":"https:\/\/portopottery.com\/en\/wp-json\/wp\/v2\/product_cat?post=28051"},{"taxonomy":"product_tag","embeddable":true,"href":"https:\/\/portopottery.com\/en\/wp-json\/wp\/v2\/product_tag?post=28051"}],"curies":[{"name":"wp","href":"https:\/\/api.w.org\/{rel}","templated":true}]}}