{"id":28053,"date":"2025-12-12T11:21:27","date_gmt":"2025-12-12T11:21:27","guid":{"rendered":"https:\/\/portopottery.com\/?post_type=product&#038;p=28053"},"modified":"2026-03-03T15:53:24","modified_gmt":"2026-03-03T15:53:24","slug":"castelo-vase","status":"publish","type":"product","link":"https:\/\/portopottery.com\/en\/product\/castelo-vase\/","title":{"rendered":"Castelo Vase"},"content":{"rendered":"<p>Die <strong>Castelo Vase<\/strong> erinnert mit ihrer gerillten Struktur und festen Form an die robusten Mauern einer mittelalterlichen Burg. Mit einer H\u00f6he von ca. <strong>15,5 cm<\/strong> ist sie perfekt f\u00fcr Trockenblumen, Zweige oder kleine Str\u00e4u\u00dfe.<\/p>\n<p>Die graublaue Glasur mit feiner Textur verleiht ihr einen modernen, zeitlosen Look \u2013 passend f\u00fcr viele Einrichtungsstile.<\/p>\n<p><em>Jede Vase ist handgefertigt<\/em> und somit ein Unikat. Kleine Abweichungen in Form und Farbe machen den besonderen Charme aus.<\/p>","protected":false},"excerpt":{"rendered":"<p>Keramikvase mit Struktur, inspiriert von den Mauern einer Burg. Handgemacht &amp; charaktervoll.<\/p>","protected":false},"featured_media":28055,"comment_status":"open","ping_status":"closed","template":"","meta":[],"product_brand":[],"product_cat":[81,80],"product_tag":[],"class_list":{"0":"post-28053","1":"product","2":"type-product","3":"status-publish","4":"has-post-thumbnail","6":"product_cat-alle-produkte","7":"product_cat-special-offers","9":"first","10":"outofstock","11":"shipping-taxable","12":"purchasable","13":"product-type-simple"},"jetpack_sharing_enabled":true,"_links":{"self":[{"href":"https:\/\/portopottery.com\/en\/wp-json\/wp\/v2\/product\/28053","targetHints":{"allow":["GET"]}}],"collection":[{"href":"https:\/\/portopottery.com\/en\/wp-json\/wp\/v2\/product"}],"about":[{"href":"https:\/\/portopottery.com\/en\/wp-json\/wp\/v2\/types\/product"}],"replies":[{"embeddable":true,"href":"https:\/\/portopottery.com\/en\/wp-json\/wp\/v2\/comments?post=28053"}],"version-history":[{"count":1,"href":"https:\/\/portopottery.com\/en\/wp-json\/wp\/v2\/product\/28053\/revisions"}],"predecessor-version":[{"id":28056,"href":"https:\/\/portopottery.com\/en\/wp-json\/wp\/v2\/product\/28053\/revisions\/28056"}],"wp:featuredmedia":[{"embeddable":true,"href":"https:\/\/portopottery.com\/en\/wp-json\/wp\/v2\/media\/28055"}],"wp:attachment":[{"href":"https:\/\/portopottery.com\/en\/wp-json\/wp\/v2\/media?parent=28053"}],"wp:term":[{"taxonomy":"product_brand","embeddable":true,"href":"https:\/\/portopottery.com\/en\/wp-json\/wp\/v2\/product_brand?post=28053"},{"taxonomy":"product_cat","embeddable":true,"href":"https:\/\/portopottery.com\/en\/wp-json\/wp\/v2\/product_cat?post=28053"},{"taxonomy":"product_tag","embeddable":true,"href":"https:\/\/portopottery.com\/en\/wp-json\/wp\/v2\/product_tag?post=28053"}],"curies":[{"name":"wp","href":"https:\/\/api.w.org\/{rel}","templated":true}]}}